{"id":7539,"date":"2025-04-25T21:22:44","date_gmt":"2025-04-25T21:22:44","guid":{"rendered":"https:\/\/www.eumatec-germany.de\/?page_id=7539"},"modified":"2025-07-10T12:14:56","modified_gmt":"2025-07-10T12:14:56","slug":"impressum","status":"publish","type":"page","link":"https:\/\/eumatec-germany.de\/en\/impressum\/","title":{"rendered":"Legal Notice"},"content":{"rendered":"<div data-elementor-type=\"wp-page\" data-elementor-id=\"7539\" class=\"elementor elementor-7539\" data-elementor-post-type=\"page\">\n\t\t\t\t\t\t<section class=\"elementor-section elementor-top-section elementor-element elementor-element-53fe65c2 elementor-section-boxed elementor-section-height-default elementor-section-height-default\" data-id=\"53fe65c2\" data-element_type=\"section\" data-e-type=\"section\" data-settings=\"{&quot;background_background&quot;:&quot;classic&quot;}\">\n\t\t\t\t\t\t<div class=\"elementor-container elementor-column-gap-default\">\n\t\t\t\t\t<div class=\"elementor-column elementor-col-100 elementor-top-column elementor-element elementor-element-6ab09684\" data-id=\"6ab09684\" data-element_type=\"column\" data-e-type=\"column\">\n\t\t\t<div class=\"elementor-widget-wrap elementor-element-populated\">\n\t\t\t\t\t\t<div class=\"elementor-element elementor-element-18d5ca2 elementor-widget elementor-widget-heading\" data-id=\"18d5ca2\" data-element_type=\"widget\" data-e-type=\"widget\" data-widget_type=\"heading.default\">\n\t\t\t\t<div class=\"elementor-widget-container\">\n\t\t\t\t\t<h1 class=\"elementor-heading-title elementor-size-default\">Legal Notice<\/h1>\t\t\t\t<\/div>\n\t\t\t\t<\/div>\n\t\t\t\t\t<\/div>\n\t\t<\/div>\n\t\t\t\t\t<\/div>\n\t\t<\/section>\n\t\t<div class=\"elementor-element elementor-element-e2de0b0 e-flex e-con-boxed e-con e-parent\" data-id=\"e2de0b0\" data-element_type=\"container\" data-e-type=\"container\">\n\t\t\t\t\t<div class=\"e-con-inner\">\n\t\t\t\t<div class=\"elementor-element elementor-element-f872411 elementor-widget elementor-widget-text-editor\" data-id=\"f872411\" data-element_type=\"widget\" data-e-type=\"widget\" data-widget_type=\"text-editor.default\">\n\t\t\t\t<div class=\"elementor-widget-container\">\n\t\t\t\t\t\t\t\t\t<p>\u00a0<\/p><p><strong>Information pursuant to \u00a7 5 TMG:<\/strong><br \/>EMT European Machinery &amp; Technology GmbH<br \/>Address: Sieglitzhofer Stra\u00dfe 32<br \/>91054 Erlangen<br \/>Germany<\/p><p><strong>Personally liable partner:<\/strong> EMT European Machinery &amp; Technology GmbH<br \/><strong>Authorized Managing Director:<\/strong> Faical Kaabi<br \/><strong>Commercial Register:<\/strong> HRB 15696<br \/><strong>Registergericht:<\/strong> Amtsgericht F\u00fcrth<\/p><p><strong>Contact:<\/strong><br \/>Telefon: +49 (0)171 311 5555<br \/>E-Mail: info@eumatec-germany.de<\/p><p><strong>VAT Identification Number pursuant to \u00a7 27a of the German VAT Act:<\/strong><br \/>DE307033110<\/p><p><strong>EU Dispute Resolution<\/strong><\/p><p>The European Commission provides a platform for Online Dispute Resolution (ODR):<br \/><a href=\"https:\/\/ec.europa.eu\/consumers\/odr\">https:\/\/ec.europa.eu\/consumers\/odr<\/a><br \/>You can find our email address above in the legal notice.<\/p><p><strong>Disclaimer<\/strong><\/p><p><strong>Liability for Content<\/strong><\/p><p>The contents of our pages have been created with the greatest care and to the best of our knowledge. However, we cannot assume any liability for the accuracy, completeness, or timeliness of the content.<br \/>As a service provider, we are responsible for our own content on these pages in accordance with \u00a7 7 (1) TMG under general laws.<br \/>According to \u00a7\u00a7 8 to 10 TMG, however, we as service providers are not obligated to monitor transmitted or stored third-party information or to investigate circumstances that indicate illegal activity.<br \/>Obligations to remove or block the use of information under general laws remain unaffected by this.<br \/>However, liability in this regard is only possible from the point in time when a specific legal violation becomes known.<br \/>Upon becoming aware of any legal violations, we will promptly remove such content.<\/p><p><strong>Liability for External Links<\/strong><\/p><p>Our website contains links to external third-party websites, over whose content we have no influence.<br \/>Therefore, we cannot assume any liability for these external contents. The respective provider or operator of the linked pages is always responsible for their content.<br \/>The linked pages were checked for possible legal violations at the time of linking. Illegal content was not identifiable at the time of linking.<br \/>However, a permanent content control of the linked pages is not reasonable without concrete indications of a legal violation.<br \/>Upon becoming aware of legal violations, we will promptly remove such links.<br \/>This disclaimer also applies to links and references set within our own internet offering by users, bloggers, or guests of discussion forums.<br \/>The provider of the page to which reference was made is solely liable for illegal, incorrect, or incomplete content and, in particular, for damages resulting from the use or non-use of such information presented, not the party who merely refers to the respective publication via links.<\/p><p><strong>Copyright<\/strong><\/p><p>The content and works published on this website are subject to German copyright law.<a href=\"http:\/\/www.gesetze-im-internet.de\/bundesrecht\/urhg\/gesamt.pdf\">http:\/\/www.gesetze-im-internet.de\/bundesrecht\/urhg\/gesamt.pdf<\/a>).<br \/>Reproduction, editing, distribution, and any kind of utilization beyond the limits of copyright require the prior written consent of the respective author or creator.<br \/>Downloads and copies of this site are only permitted for private, non-commercial use.<br \/>As far as the content on this site was not created by the operator, the copyrights of third parties are respected.<br \/>In particular, third-party content is marked as such.<br \/>If you still become aware of a copyright infringement, we kindly ask for a corresponding notice.<br \/>Upon becoming aware of legal violations, we will promptly remove such content.<\/p>\t\t\t\t\t\t\t\t<\/div>\n\t\t\t\t<\/div>\n\t\t\t\t\t<\/div>\n\t\t\t\t<\/div>\n\t\t\t\t<\/div>","protected":false},"excerpt":{"rendered":"<p>IMPRESSUM \u00a0 Angaben gem\u00e4\u00df \u00a7 5 TMG:EMT European Machinery &amp; Technology GmbHAnschrift: Sieglitzhofer Stra\u00dfe 3291054 ErlangenDeutschland Pers\u00f6nlich haftende Gesellschafterin: EMT European Machinery &amp; Technology GmbHVertretungsberechtigter Gesch\u00e4ftsf\u00fchrer: Faical KaabiHandelsregister: HRB 15696Registergericht: Amtsgericht F\u00fcrth Kontakt:Telefon: +49 (0)171 311 5555E-Mail: info@eumatec-germany.de Umsatzsteuer-Identifikationsnummer gem\u00e4\u00df \u00a7 27a UStG:DE307033110 EU-Streitbeilegung Die Europ\u00e4ische Kommission stellt eine Plattform zur Online-Streitbeilegung (OS) bereit:https:\/\/ec.europa.eu\/consumers\/odrUnsere E-Mail-Adresse [&hellip;]<\/p>\n","protected":false},"author":1,"featured_media":0,"parent":0,"menu_order":0,"comment_status":"closed","ping_status":"closed","template":"","meta":{"ocean_post_layout":"full-screen","ocean_both_sidebars_style":"","ocean_both_sidebars_content_width":0,"ocean_both_sidebars_sidebars_width":0,"ocean_sidebar":"","ocean_second_sidebar":"","ocean_disable_margins":"enable","ocean_add_body_class":"","ocean_shortcode_before_top_bar":"","ocean_shortcode_after_top_bar":"","ocean_shortcode_before_header":"","ocean_shortcode_after_header":"","ocean_has_shortcode":"","ocean_shortcode_after_title":"","ocean_shortcode_before_footer_widgets":"","ocean_shortcode_after_footer_widgets":"","ocean_shortcode_before_footer_bottom":"","ocean_shortcode_after_footer_bottom":"","ocean_display_top_bar":"off","ocean_display_header":"default","ocean_header_style":"","ocean_center_header_left_menu":"","ocean_custom_header_template":"","ocean_custom_logo":0,"ocean_custom_retina_logo":0,"ocean_custom_logo_max_width":0,"ocean_custom_logo_tablet_max_width":0,"ocean_custom_logo_mobile_max_width":0,"ocean_custom_logo_max_height":0,"ocean_custom_logo_tablet_max_height":0,"ocean_custom_logo_mobile_max_height":0,"ocean_header_custom_menu":"","ocean_menu_typo_font_family":"","ocean_menu_typo_font_subset":"","ocean_menu_typo_font_size":0,"ocean_menu_typo_font_size_tablet":0,"ocean_menu_typo_font_size_mobile":0,"ocean_menu_typo_font_size_unit":"px","ocean_menu_typo_font_weight":"","ocean_menu_typo_font_weight_tablet":"","ocean_menu_typo_font_weight_mobile":"","ocean_menu_typo_transform":"","ocean_menu_typo_transform_tablet":"","ocean_menu_typo_transform_mobile":"","ocean_menu_typo_line_height":0,"ocean_menu_typo_line_height_tablet":0,"ocean_menu_typo_line_height_mobile":0,"ocean_menu_typo_line_height_unit":"","ocean_menu_typo_spacing":0,"ocean_menu_typo_spacing_tablet":0,"ocean_menu_typo_spacing_mobile":0,"ocean_menu_typo_spacing_unit":"","ocean_menu_link_color":"","ocean_menu_link_color_hover":"","ocean_menu_link_color_active":"","ocean_menu_link_background":"","ocean_menu_link_hover_background":"","ocean_menu_link_active_background":"","ocean_menu_social_links_bg":"","ocean_menu_social_hover_links_bg":"","ocean_menu_social_links_color":"","ocean_menu_social_hover_links_color":"","ocean_disable_title":"on","ocean_disable_heading":"default","ocean_post_title":"","ocean_post_subheading":"","ocean_post_title_style":"","ocean_post_title_background_color":"","ocean_post_title_background":0,"ocean_post_title_bg_image_position":"","ocean_post_title_bg_image_attachment":"","ocean_post_title_bg_image_repeat":"","ocean_post_title_bg_image_size":"","ocean_post_title_height":0,"ocean_post_title_bg_overlay":0.5,"ocean_post_title_bg_overlay_color":"","ocean_disable_breadcrumbs":"default","ocean_breadcrumbs_color":"","ocean_breadcrumbs_separator_color":"","ocean_breadcrumbs_links_color":"","ocean_breadcrumbs_links_hover_color":"","ocean_display_footer_widgets":"default","ocean_display_footer_bottom":"default","ocean_custom_footer_template":"","footnotes":""},"class_list":["post-7539","page","type-page","status-publish","hentry","entry"],"yoast_head":"<!-- This site is optimized with the Yoast SEO plugin v27.5 - https:\/\/yoast.com\/product\/yoast-seo-wordpress\/ -->\n<title>Impressum - EMT<\/title>\n<meta name=\"robots\" content=\"index, follow, max-snippet:-1, max-image-preview:large, max-video-preview:-1\" \/>\n<link rel=\"canonical\" href=\"https:\/\/eumatec-germany.de\/en\/impressum\/\" \/>\n<meta property=\"og:locale\" content=\"en_US\" \/>\n<meta property=\"og:type\" content=\"article\" \/>\n<meta property=\"og:title\" content=\"Impressum - EMT\" \/>\n<meta property=\"og:description\" content=\"IMPRESSUM \u00a0 Angaben gem\u00e4\u00df \u00a7 5 TMG:EMT European Machinery &amp; Technology GmbHAnschrift: Sieglitzhofer Stra\u00dfe 3291054 ErlangenDeutschland Pers\u00f6nlich haftende Gesellschafterin: EMT European Machinery &amp; Technology GmbHVertretungsberechtigter Gesch\u00e4ftsf\u00fchrer: Faical KaabiHandelsregister: HRB 15696Registergericht: Amtsgericht F\u00fcrth Kontakt:Telefon: +49 (0)171 311 5555E-Mail: info@eumatec-germany.de Umsatzsteuer-Identifikationsnummer gem\u00e4\u00df \u00a7 27a UStG:DE307033110 EU-Streitbeilegung Die Europ\u00e4ische Kommission stellt eine Plattform zur Online-Streitbeilegung (OS) bereit:https:\/\/ec.europa.eu\/consumers\/odrUnsere E-Mail-Adresse [&hellip;]\" \/>\n<meta property=\"og:url\" content=\"https:\/\/eumatec-germany.de\/en\/impressum\/\" \/>\n<meta property=\"og:site_name\" content=\"EMT\" \/>\n<meta property=\"article:modified_time\" content=\"2025-07-10T12:14:56+00:00\" \/>\n<meta name=\"twitter:card\" content=\"summary_large_image\" \/>\n<meta name=\"twitter:label1\" content=\"Est. reading time\" \/>\n\t<meta name=\"twitter:data1\" content=\"2 minutes\" \/>\n<script type=\"application\/ld+json\" class=\"yoast-schema-graph\">{\"@context\":\"https:\\\/\\\/schema.org\",\"@graph\":[{\"@type\":\"WebPage\",\"@id\":\"https:\\\/\\\/eumatec-germany.de\\\/en\\\/impressum\\\/\",\"url\":\"https:\\\/\\\/eumatec-germany.de\\\/en\\\/impressum\\\/\",\"name\":\"Impressum - EMT\",\"isPartOf\":{\"@id\":\"https:\\\/\\\/eumatec-germany.de\\\/en\\\/#website\"},\"datePublished\":\"2025-04-25T21:22:44+00:00\",\"dateModified\":\"2025-07-10T12:14:56+00:00\",\"breadcrumb\":{\"@id\":\"https:\\\/\\\/eumatec-germany.de\\\/en\\\/impressum\\\/#breadcrumb\"},\"inLanguage\":\"en-US\",\"potentialAction\":[{\"@type\":\"ReadAction\",\"target\":[\"https:\\\/\\\/eumatec-germany.de\\\/en\\\/impressum\\\/\"]}]},{\"@type\":\"BreadcrumbList\",\"@id\":\"https:\\\/\\\/eumatec-germany.de\\\/en\\\/impressum\\\/#breadcrumb\",\"itemListElement\":[{\"@type\":\"ListItem\",\"position\":1,\"name\":\"Startseite\",\"item\":\"https:\\\/\\\/eumatec-germany.de\\\/\"},{\"@type\":\"ListItem\",\"position\":2,\"name\":\"Impressum\"}]},{\"@type\":\"WebSite\",\"@id\":\"https:\\\/\\\/eumatec-germany.de\\\/en\\\/#website\",\"url\":\"https:\\\/\\\/eumatec-germany.de\\\/en\\\/\",\"name\":\"EMT\",\"description\":\"EUMATEC\",\"publisher\":{\"@id\":\"https:\\\/\\\/eumatec-germany.de\\\/en\\\/#organization\"},\"potentialAction\":[{\"@type\":\"SearchAction\",\"target\":{\"@type\":\"EntryPoint\",\"urlTemplate\":\"https:\\\/\\\/eumatec-germany.de\\\/en\\\/?s={search_term_string}\"},\"query-input\":{\"@type\":\"PropertyValueSpecification\",\"valueRequired\":true,\"valueName\":\"search_term_string\"}}],\"inLanguage\":\"en-US\"},{\"@type\":\"Organization\",\"@id\":\"https:\\\/\\\/eumatec-germany.de\\\/en\\\/#organization\",\"name\":\"EMT\",\"url\":\"https:\\\/\\\/eumatec-germany.de\\\/en\\\/\",\"logo\":{\"@type\":\"ImageObject\",\"inLanguage\":\"en-US\",\"@id\":\"https:\\\/\\\/eumatec-germany.de\\\/en\\\/#\\\/schema\\\/logo\\\/image\\\/\",\"url\":\"https:\\\/\\\/eumatec-germany.de\\\/wp-content\\\/uploads\\\/2019\\\/02\\\/logo_white_268.png\",\"contentUrl\":\"https:\\\/\\\/eumatec-germany.de\\\/wp-content\\\/uploads\\\/2019\\\/02\\\/logo_white_268.png\",\"width\":268,\"height\":67,\"caption\":\"EMT\"},\"image\":{\"@id\":\"https:\\\/\\\/eumatec-germany.de\\\/en\\\/#\\\/schema\\\/logo\\\/image\\\/\"}}]}<\/script>\n<!-- \/ Yoast SEO plugin. -->","yoast_head_json":{"title":"Impressum - EMT","robots":{"index":"index","follow":"follow","max-snippet":"max-snippet:-1","max-image-preview":"max-image-preview:large","max-video-preview":"max-video-preview:-1"},"canonical":"https:\/\/eumatec-germany.de\/en\/impressum\/","og_locale":"en_US","og_type":"article","og_title":"Impressum - EMT","og_description":"IMPRESSUM \u00a0 Angaben gem\u00e4\u00df \u00a7 5 TMG:EMT European Machinery &amp; Technology GmbHAnschrift: Sieglitzhofer Stra\u00dfe 3291054 ErlangenDeutschland Pers\u00f6nlich haftende Gesellschafterin: EMT European Machinery &amp; Technology GmbHVertretungsberechtigter Gesch\u00e4ftsf\u00fchrer: Faical KaabiHandelsregister: HRB 15696Registergericht: Amtsgericht F\u00fcrth Kontakt:Telefon: +49 (0)171 311 5555E-Mail: info@eumatec-germany.de Umsatzsteuer-Identifikationsnummer gem\u00e4\u00df \u00a7 27a UStG:DE307033110 EU-Streitbeilegung Die Europ\u00e4ische Kommission stellt eine Plattform zur Online-Streitbeilegung (OS) bereit:https:\/\/ec.europa.eu\/consumers\/odrUnsere E-Mail-Adresse [&hellip;]","og_url":"https:\/\/eumatec-germany.de\/en\/impressum\/","og_site_name":"EMT","article_modified_time":"2025-07-10T12:14:56+00:00","twitter_card":"summary_large_image","twitter_misc":{"Est. reading time":"2 minutes"},"schema":{"@context":"https:\/\/schema.org","@graph":[{"@type":"WebPage","@id":"https:\/\/eumatec-germany.de\/en\/impressum\/","url":"https:\/\/eumatec-germany.de\/en\/impressum\/","name":"Impressum - EMT","isPartOf":{"@id":"https:\/\/eumatec-germany.de\/en\/#website"},"datePublished":"2025-04-25T21:22:44+00:00","dateModified":"2025-07-10T12:14:56+00:00","breadcrumb":{"@id":"https:\/\/eumatec-germany.de\/en\/impressum\/#breadcrumb"},"inLanguage":"en-US","potentialAction":[{"@type":"ReadAction","target":["https:\/\/eumatec-germany.de\/en\/impressum\/"]}]},{"@type":"BreadcrumbList","@id":"https:\/\/eumatec-germany.de\/en\/impressum\/#breadcrumb","itemListElement":[{"@type":"ListItem","position":1,"name":"Startseite","item":"https:\/\/eumatec-germany.de\/"},{"@type":"ListItem","position":2,"name":"Impressum"}]},{"@type":"WebSite","@id":"https:\/\/eumatec-germany.de\/en\/#website","url":"https:\/\/eumatec-germany.de\/en\/","name":"EMT","description":"EUMATEC","publisher":{"@id":"https:\/\/eumatec-germany.de\/en\/#organization"},"potentialAction":[{"@type":"SearchAction","target":{"@type":"EntryPoint","urlTemplate":"https:\/\/eumatec-germany.de\/en\/?s={search_term_string}"},"query-input":{"@type":"PropertyValueSpecification","valueRequired":true,"valueName":"search_term_string"}}],"inLanguage":"en-US"},{"@type":"Organization","@id":"https:\/\/eumatec-germany.de\/en\/#organization","name":"EMT","url":"https:\/\/eumatec-germany.de\/en\/","logo":{"@type":"ImageObject","inLanguage":"en-US","@id":"https:\/\/eumatec-germany.de\/en\/#\/schema\/logo\/image\/","url":"https:\/\/eumatec-germany.de\/wp-content\/uploads\/2019\/02\/logo_white_268.png","contentUrl":"https:\/\/eumatec-germany.de\/wp-content\/uploads\/2019\/02\/logo_white_268.png","width":268,"height":67,"caption":"EMT"},"image":{"@id":"https:\/\/eumatec-germany.de\/en\/#\/schema\/logo\/image\/"}}]}},"_links":{"self":[{"href":"https:\/\/eumatec-germany.de\/en\/wp-json\/wp\/v2\/pages\/7539","targetHints":{"allow":["GET"]}}],"collection":[{"href":"https:\/\/eumatec-germany.de\/en\/wp-json\/wp\/v2\/pages"}],"about":[{"href":"https:\/\/eumatec-germany.de\/en\/wp-json\/wp\/v2\/types\/page"}],"author":[{"embeddable":true,"href":"https:\/\/eumatec-germany.de\/en\/wp-json\/wp\/v2\/users\/1"}],"replies":[{"embeddable":true,"href":"https:\/\/eumatec-germany.de\/en\/wp-json\/wp\/v2\/comments?post=7539"}],"version-history":[{"count":72,"href":"https:\/\/eumatec-germany.de\/en\/wp-json\/wp\/v2\/pages\/7539\/revisions"}],"predecessor-version":[{"id":9217,"href":"https:\/\/eumatec-germany.de\/en\/wp-json\/wp\/v2\/pages\/7539\/revisions\/9217"}],"wp:attachment":[{"href":"https:\/\/eumatec-germany.de\/en\/wp-json\/wp\/v2\/media?parent=7539"}],"curies":[{"name":"wp","href":"https:\/\/api.w.org\/{rel}","templated":true}]}}