{"id":8427,"date":"2025-05-20T15:34:52","date_gmt":"2025-05-20T15:34:52","guid":{"rendered":"https:\/\/www.eumatec-germany.de\/cookie-policy-eu\/"},"modified":"2025-07-06T18:27:37","modified_gmt":"2025-07-06T18:27:37","slug":"cookie-policy-eu","status":"publish","type":"page","link":"https:\/\/eumatec-germany.de\/en\/cookie-policy-eu\/","title":{"rendered":"Cookie Policy (EU)"},"content":{"rendered":"<div data-elementor-type=\"wp-page\" data-elementor-id=\"8427\" class=\"elementor elementor-8427\" data-elementor-post-type=\"page\">\n\t\t\t\t<div class=\"elementor-element elementor-element-708d371c e-flex e-con-boxed e-con e-parent\" data-id=\"708d371c\" data-element_type=\"container\" data-e-type=\"container\">\n\t\t\t\t\t<div class=\"e-con-inner\">\n\t\t\t\t<div class=\"elementor-element elementor-element-473f5fe elementor-widget elementor-widget-text-editor\" data-id=\"473f5fe\" data-element_type=\"widget\" data-e-type=\"widget\" data-widget_type=\"text-editor.default\">\n\t\t\t\t<div class=\"elementor-widget-container\">\n\t\t\t\t\t\t\t\t\t<p data-start=\"380\" data-end=\"552\"><strong><em>Last updated: July 6, 2025 \u2013 applies to citizens and permanent residents of the EEA and Switzerland.<\/em><\/strong><\/p><h4 data-start=\"554\" data-end=\"572\">1. Introduction<\/h4><p data-start=\"573\" data-end=\"915\">Unsere Website, <a class=\"\" href=\"https:\/\/eumatec-germany.de\/en\/\" target=\"_new\" rel=\"noopener\" data-start=\"589\" data-end=\"619\">https:\/\/www.eumatec-germany.de<\/a> (im Folgenden: &#8222;die Website&#8220;), verwendet Cookies und \u00e4hnliche Technologien (der Einfachheit halber unter &#8222;Cookies&#8220; zusammengefasst). Cookies werden au\u00dferdem von uns beauftragten Drittparteien platziert. In diesem Dokument informieren wir dich \u00fcber die Verwendung von Cookies auf unserer Website.<\/p><h4 data-start=\"917\" data-end=\"942\">2. What are cookies?<\/h4><p data-start=\"943\" data-end=\"1231\">Cookies are small text files that are sent together with web pages and stored by your browser on your computer or device. The information may be returned to our servers or those of third parties during subsequent visits.<\/p><h4 data-start=\"1233\" data-end=\"1258\">3. What are scripts?<\/h4><p data-start=\"1259\" data-end=\"1458\">A script is a piece of code used to provide functionality and interactivity on our website. This code is executed either on our server or your device.<\/p><h4 data-start=\"1460\" data-end=\"1491\">4. What is a web beacon?<\/h4><p data-start=\"1492\" data-end=\"1720\">A web beacon (or pixel tag) is a small, invisible piece of text or image that helps monitor traffic on our website. Various data may be stored through such beacons.<\/p><h4 data-start=\"1722\" data-end=\"1737\">5. Cookies used<\/h4><p data-start=\"1739\" data-end=\"1903\" class=\"translation-block\">5.1 Functional Cookies\nThese cookies ensure the website works correctly and remembers your preferences. For example, products remain in your cart until you check out. These do not require your consent.<\/p><p data-start=\"1905\" data-end=\"2245\" class=\"translation-block\">5.2 Marketing \/ Tracking Cookies\nUsed to create user profiles, display relevant advertising, and track user behavior across websites. These require your consent.<\/p><h4 data-start=\"2247\" data-end=\"2283\">6. Placed Cookies (examples):<\/h4><div class=\"_tableContainer_80l1q_1\"><div class=\"_tableWrapper_80l1q_14 group flex w-fit flex-col-reverse\" tabindex=\"-1\"><table class=\"w-fit min-w-(--thread-content-width)\" data-start=\"2285\" data-end=\"2893\"><thead data-start=\"2285\" data-end=\"2350\"><tr data-start=\"2285\" data-end=\"2350\"><th data-start=\"2285\" data-end=\"2303\" data-col-size=\"sm\"><strong>Anbieter<\/strong><\/th><th data-start=\"2303\" data-end=\"2325\" data-col-size=\"sm\"><strong>Zweck<\/strong><\/th><th data-start=\"2325\" data-end=\"2350\" data-col-size=\"sm\"><strong>Kategorie<\/strong><\/th><\/tr><\/thead><tbody data-start=\"2418\" data-end=\"2893\"><tr data-start=\"2418\" data-end=\"2485\"><td data-start=\"2418\" data-end=\"2436\" data-col-size=\"sm\">WordPress<\/td><td data-start=\"2436\" data-end=\"2460\" data-col-size=\"sm\">Website-Grundfunktion<\/td><td data-start=\"2460\" data-end=\"2485\" data-col-size=\"sm\">Funktional<\/td><\/tr><tr data-start=\"2486\" data-end=\"2553\"><td data-start=\"2486\" data-end=\"2504\" data-col-size=\"sm\">Elementor<\/td><td data-start=\"2504\" data-end=\"2528\" data-col-size=\"sm\">Statistische Analyse<\/td><td data-start=\"2528\" data-end=\"2553\" data-col-size=\"sm\">Statistik (anonym)<\/td><\/tr><tr data-start=\"2554\" data-end=\"2621\"><td data-start=\"2554\" data-end=\"2572\" data-col-size=\"sm\">Polylang<\/td><td data-start=\"2572\" data-end=\"2596\" data-col-size=\"sm\">Sprachauswahl<\/td><td data-start=\"2596\" data-end=\"2621\" data-col-size=\"sm\">Funktional<\/td><\/tr><tr data-start=\"2622\" data-end=\"2689\"><td data-start=\"2622\" data-end=\"2640\" data-col-size=\"sm\">Complianz<\/td><td data-start=\"2640\" data-end=\"2664\" data-col-size=\"sm\">Cookie-Management<\/td><td data-start=\"2664\" data-end=\"2689\" data-col-size=\"sm\">Funktional<\/td><\/tr><tr data-start=\"2690\" data-end=\"2757\"><td data-start=\"2690\" data-end=\"2708\" data-col-size=\"sm\">YouTube<\/td><td data-start=\"2708\" data-end=\"2732\" data-col-size=\"sm\">Eingebettete Videos<\/td><td data-start=\"2732\" data-end=\"2757\" data-col-size=\"sm\">Gegenstand der Pr\u00fcfung<\/td><\/tr><tr data-start=\"2758\" data-end=\"2825\"><td data-start=\"2758\" data-end=\"2776\" data-col-size=\"sm\">Chatbase<\/td><td data-start=\"2776\" data-end=\"2800\" data-col-size=\"sm\">Interaktiver Chatbot<\/td><td data-start=\"2800\" data-end=\"2825\" data-col-size=\"sm\">Marketing<\/td><\/tr><tr data-start=\"2826\" data-end=\"2893\"><td data-start=\"2826\" data-end=\"2844\" data-col-size=\"sm\">WordPress \u2013 functional\n\nElementor \u2013 analytics (anonymous)\n\nPolylang \u2013 language preference\n\nComplianz \u2013 compliance management\n\nYouTube \u2013 pending investigation\n\nOthers \u2013 pending investigation<\/td><td data-start=\"2844\" data-end=\"2868\" data-col-size=\"sm\">z.B. Fonts, Tools<\/td><td data-start=\"2868\" data-end=\"2893\" data-col-size=\"sm\">Gegenstand der Pr\u00fcfung<\/td><\/tr><\/tbody><\/table><div class=\"sticky end-(--thread-content-margin) h-0 self-end select-none\"><div class=\"absolute end-0 flex items-end\">\u00a0<\/div><\/div><\/div><\/div><h4 data-start=\"2895\" data-end=\"2915\">7. Consent<\/h4><p data-start=\"2917\" data-end=\"3162\" class=\"translation-block\">When visiting our website for the first time, you will be shown a pop-up explaining cookies. By clicking \u201cSave preferences,\u201d you give us permission to use the selected cookie types. You can manage or revoke your preferences anytime via browser settings.<\/p><h4 data-start=\"3164\" data-end=\"3199\">8. Cookies verwalten &amp; l\u00f6schen<\/h4><p data-start=\"3200\" data-end=\"3461\">Du kannst Cookies jederzeit \u00fcber die Einstellungen deines Browsers l\u00f6schen oder blockieren. Beachte aber: Einige Funktionen der Website k\u00f6nnten dadurch eingeschr\u00e4nkt sein. Wenn du deine Cookies l\u00f6schst, wirst du bei erneutem Besuch erneut um Zustimmung gebeten.<\/p><h4 data-start=\"3463\" data-end=\"3494\">9. Your Rights<\/h4><p data-start=\"3495\" data-end=\"3662\" class=\"translation-block\">You have the right to:\n\nKnow why and how your data is processed\n\nAccess your data\n\nCorrect, delete or restrict use\n\nWithdraw consent\n\nTransfer your data\n\nObject to processing\n\nPlease contact us at: info@eumatec-germany.de\nYou can also file a complaint with your local data protection authority.<\/p><h4 data-start=\"3664\" data-end=\"3685\">10. Contact<\/h4><p data-start=\"3686\" data-end=\"3856\" class=\"translation-block\">EMT European Machinery &amp; Technology GmbH\nSieglitzhofer Stra\u00dfe 32 \u2013 91054 Erlangen \u2013 Germany\nEmail: info@eumatec-germany.de<\/p>\t\t\t\t\t\t\t\t<\/div>\n\t\t\t\t<\/div>\n\t\t\t\t\t<\/div>\n\t\t\t\t<\/div>\n\t\t\t\t<\/div>","protected":false},"excerpt":{"rendered":"<p>Diese Cookie-Richtlinie wurde zuletzt am 6. Juli 2025 aktualisiert und gilt f\u00fcr B\u00fcrger und Einwohner mit st\u00e4ndigem Wohnsitz im Europ\u00e4ischen Wirtschaftsraum und der Schweiz. 1. Einf\u00fchrung Unsere Website, https:\/\/www.eumatec-germany.de (im Folgenden: &#8222;die Website&#8220;), verwendet Cookies und \u00e4hnliche Technologien (der Einfachheit halber unter &#8222;Cookies&#8220; zusammengefasst). Cookies werden au\u00dferdem von uns beauftragten Drittparteien platziert. In diesem Dokument [&hellip;]<\/p>\n","protected":false},"author":1,"featured_media":0,"parent":0,"menu_order":0,"comment_status":"closed","ping_status":"closed","template":"","meta":{"ocean_post_layout":"full-screen","ocean_both_sidebars_style":"","ocean_both_sidebars_content_width":0,"ocean_both_sidebars_sidebars_width":0,"ocean_sidebar":"","ocean_second_sidebar":"","ocean_disable_margins":"enable","ocean_add_body_class":"","ocean_shortcode_before_top_bar":"","ocean_shortcode_after_top_bar":"","ocean_shortcode_before_header":"","ocean_shortcode_after_header":"","ocean_has_shortcode":"","ocean_shortcode_after_title":"","ocean_shortcode_before_footer_widgets":"","ocean_shortcode_after_footer_widgets":"","ocean_shortcode_before_footer_bottom":"","ocean_shortcode_after_footer_bottom":"","ocean_display_top_bar":"off","ocean_display_header":"default","ocean_header_style":"","ocean_center_header_left_menu":"","ocean_custom_header_template":"","ocean_custom_logo":0,"ocean_custom_retina_logo":0,"ocean_custom_logo_max_width":0,"ocean_custom_logo_tablet_max_width":0,"ocean_custom_logo_mobile_max_width":0,"ocean_custom_logo_max_height":0,"ocean_custom_logo_tablet_max_height":0,"ocean_custom_logo_mobile_max_height":0,"ocean_header_custom_menu":"","ocean_menu_typo_font_family":"","ocean_menu_typo_font_subset":"","ocean_menu_typo_font_size":0,"ocean_menu_typo_font_size_tablet":0,"ocean_menu_typo_font_size_mobile":0,"ocean_menu_typo_font_size_unit":"px","ocean_menu_typo_font_weight":"","ocean_menu_typo_font_weight_tablet":"","ocean_menu_typo_font_weight_mobile":"","ocean_menu_typo_transform":"","ocean_menu_typo_transform_tablet":"","ocean_menu_typo_transform_mobile":"","ocean_menu_typo_line_height":0,"ocean_menu_typo_line_height_tablet":0,"ocean_menu_typo_line_height_mobile":0,"ocean_menu_typo_line_height_unit":"","ocean_menu_typo_spacing":0,"ocean_menu_typo_spacing_tablet":0,"ocean_menu_typo_spacing_mobile":0,"ocean_menu_typo_spacing_unit":"","ocean_menu_link_color":"","ocean_menu_link_color_hover":"","ocean_menu_link_color_active":"","ocean_menu_link_background":"","ocean_menu_link_hover_background":"","ocean_menu_link_active_background":"","ocean_menu_social_links_bg":"","ocean_menu_social_hover_links_bg":"","ocean_menu_social_links_color":"","ocean_menu_social_hover_links_color":"","ocean_disable_title":"on","ocean_disable_heading":"default","ocean_post_title":"","ocean_post_subheading":"","ocean_post_title_style":"","ocean_post_title_background_color":"","ocean_post_title_background":0,"ocean_post_title_bg_image_position":"","ocean_post_title_bg_image_attachment":"","ocean_post_title_bg_image_repeat":"","ocean_post_title_bg_image_size":"","ocean_post_title_height":0,"ocean_post_title_bg_overlay":0.5,"ocean_post_title_bg_overlay_color":"","ocean_disable_breadcrumbs":"default","ocean_breadcrumbs_color":"","ocean_breadcrumbs_separator_color":"","ocean_breadcrumbs_links_color":"","ocean_breadcrumbs_links_hover_color":"","ocean_display_footer_widgets":"off","ocean_display_footer_bottom":"off","ocean_custom_footer_template":"","footnotes":""},"class_list":["post-8427","page","type-page","status-publish","hentry","entry"],"yoast_head":"<!-- This site is optimized with the Yoast SEO plugin v27.5 - https:\/\/yoast.com\/product\/yoast-seo-wordpress\/ -->\n<title>Cookie Policy (EU) - EMT<\/title>\n<meta name=\"robots\" content=\"index, follow, max-snippet:-1, max-image-preview:large, max-video-preview:-1\" \/>\n<link rel=\"canonical\" href=\"https:\/\/eumatec-germany.de\/en\/cookie-policy-eu\/\" \/>\n<meta property=\"og:locale\" content=\"en_US\" \/>\n<meta property=\"og:type\" content=\"article\" \/>\n<meta property=\"og:title\" content=\"Cookie Policy (EU) - EMT\" \/>\n<meta property=\"og:description\" content=\"Diese Cookie-Richtlinie wurde zuletzt am 6. Juli 2025 aktualisiert und gilt f\u00fcr B\u00fcrger und Einwohner mit st\u00e4ndigem Wohnsitz im Europ\u00e4ischen Wirtschaftsraum und der Schweiz. 1. Einf\u00fchrung Unsere Website, https:\/\/www.eumatec-germany.de (im Folgenden: &#8222;die Website&#8220;), verwendet Cookies und \u00e4hnliche Technologien (der Einfachheit halber unter &#8222;Cookies&#8220; zusammengefasst). Cookies werden au\u00dferdem von uns beauftragten Drittparteien platziert. In diesem Dokument [&hellip;]\" \/>\n<meta property=\"og:url\" content=\"https:\/\/eumatec-germany.de\/en\/cookie-policy-eu\/\" \/>\n<meta property=\"og:site_name\" content=\"EMT\" \/>\n<meta property=\"article:modified_time\" content=\"2025-07-06T18:27:37+00:00\" \/>\n<meta name=\"twitter:card\" content=\"summary_large_image\" \/>\n<meta name=\"twitter:label1\" content=\"Est. reading time\" \/>\n\t<meta name=\"twitter:data1\" content=\"2 minutes\" \/>\n<script type=\"application\/ld+json\" class=\"yoast-schema-graph\">{\"@context\":\"https:\\\/\\\/schema.org\",\"@graph\":[{\"@type\":\"WebPage\",\"@id\":\"https:\\\/\\\/eumatec-germany.de\\\/en\\\/cookie-policy-eu\\\/\",\"url\":\"https:\\\/\\\/eumatec-germany.de\\\/en\\\/cookie-policy-eu\\\/\",\"name\":\"Cookie Policy (EU) - EMT\",\"isPartOf\":{\"@id\":\"https:\\\/\\\/eumatec-germany.de\\\/en\\\/#website\"},\"datePublished\":\"2025-05-20T15:34:52+00:00\",\"dateModified\":\"2025-07-06T18:27:37+00:00\",\"breadcrumb\":{\"@id\":\"https:\\\/\\\/eumatec-germany.de\\\/en\\\/cookie-policy-eu\\\/#breadcrumb\"},\"inLanguage\":\"en-US\",\"potentialAction\":[{\"@type\":\"ReadAction\",\"target\":[\"https:\\\/\\\/eumatec-germany.de\\\/en\\\/cookie-policy-eu\\\/\"]}]},{\"@type\":\"BreadcrumbList\",\"@id\":\"https:\\\/\\\/eumatec-germany.de\\\/en\\\/cookie-policy-eu\\\/#breadcrumb\",\"itemListElement\":[{\"@type\":\"ListItem\",\"position\":1,\"name\":\"Startseite\",\"item\":\"https:\\\/\\\/eumatec-germany.de\\\/\"},{\"@type\":\"ListItem\",\"position\":2,\"name\":\"Cookie Policy (EU)\"}]},{\"@type\":\"WebSite\",\"@id\":\"https:\\\/\\\/eumatec-germany.de\\\/en\\\/#website\",\"url\":\"https:\\\/\\\/eumatec-germany.de\\\/en\\\/\",\"name\":\"EMT\",\"description\":\"EUMATEC\",\"publisher\":{\"@id\":\"https:\\\/\\\/eumatec-germany.de\\\/en\\\/#organization\"},\"potentialAction\":[{\"@type\":\"SearchAction\",\"target\":{\"@type\":\"EntryPoint\",\"urlTemplate\":\"https:\\\/\\\/eumatec-germany.de\\\/en\\\/?s={search_term_string}\"},\"query-input\":{\"@type\":\"PropertyValueSpecification\",\"valueRequired\":true,\"valueName\":\"search_term_string\"}}],\"inLanguage\":\"en-US\"},{\"@type\":\"Organization\",\"@id\":\"https:\\\/\\\/eumatec-germany.de\\\/en\\\/#organization\",\"name\":\"EMT\",\"url\":\"https:\\\/\\\/eumatec-germany.de\\\/en\\\/\",\"logo\":{\"@type\":\"ImageObject\",\"inLanguage\":\"en-US\",\"@id\":\"https:\\\/\\\/eumatec-germany.de\\\/en\\\/#\\\/schema\\\/logo\\\/image\\\/\",\"url\":\"https:\\\/\\\/eumatec-germany.de\\\/wp-content\\\/uploads\\\/2019\\\/02\\\/logo_white_268.png\",\"contentUrl\":\"https:\\\/\\\/eumatec-germany.de\\\/wp-content\\\/uploads\\\/2019\\\/02\\\/logo_white_268.png\",\"width\":268,\"height\":67,\"caption\":\"EMT\"},\"image\":{\"@id\":\"https:\\\/\\\/eumatec-germany.de\\\/en\\\/#\\\/schema\\\/logo\\\/image\\\/\"}}]}<\/script>\n<!-- \/ Yoast SEO plugin. -->","yoast_head_json":{"title":"Cookie Policy (EU) - EMT","robots":{"index":"index","follow":"follow","max-snippet":"max-snippet:-1","max-image-preview":"max-image-preview:large","max-video-preview":"max-video-preview:-1"},"canonical":"https:\/\/eumatec-germany.de\/en\/cookie-policy-eu\/","og_locale":"en_US","og_type":"article","og_title":"Cookie Policy (EU) - EMT","og_description":"Diese Cookie-Richtlinie wurde zuletzt am 6. Juli 2025 aktualisiert und gilt f\u00fcr B\u00fcrger und Einwohner mit st\u00e4ndigem Wohnsitz im Europ\u00e4ischen Wirtschaftsraum und der Schweiz. 1. Einf\u00fchrung Unsere Website, https:\/\/www.eumatec-germany.de (im Folgenden: &#8222;die Website&#8220;), verwendet Cookies und \u00e4hnliche Technologien (der Einfachheit halber unter &#8222;Cookies&#8220; zusammengefasst). Cookies werden au\u00dferdem von uns beauftragten Drittparteien platziert. In diesem Dokument [&hellip;]","og_url":"https:\/\/eumatec-germany.de\/en\/cookie-policy-eu\/","og_site_name":"EMT","article_modified_time":"2025-07-06T18:27:37+00:00","twitter_card":"summary_large_image","twitter_misc":{"Est. reading time":"2 minutes"},"schema":{"@context":"https:\/\/schema.org","@graph":[{"@type":"WebPage","@id":"https:\/\/eumatec-germany.de\/en\/cookie-policy-eu\/","url":"https:\/\/eumatec-germany.de\/en\/cookie-policy-eu\/","name":"Cookie Policy (EU) - EMT","isPartOf":{"@id":"https:\/\/eumatec-germany.de\/en\/#website"},"datePublished":"2025-05-20T15:34:52+00:00","dateModified":"2025-07-06T18:27:37+00:00","breadcrumb":{"@id":"https:\/\/eumatec-germany.de\/en\/cookie-policy-eu\/#breadcrumb"},"inLanguage":"en-US","potentialAction":[{"@type":"ReadAction","target":["https:\/\/eumatec-germany.de\/en\/cookie-policy-eu\/"]}]},{"@type":"BreadcrumbList","@id":"https:\/\/eumatec-germany.de\/en\/cookie-policy-eu\/#breadcrumb","itemListElement":[{"@type":"ListItem","position":1,"name":"Startseite","item":"https:\/\/eumatec-germany.de\/"},{"@type":"ListItem","position":2,"name":"Cookie Policy (EU)"}]},{"@type":"WebSite","@id":"https:\/\/eumatec-germany.de\/en\/#website","url":"https:\/\/eumatec-germany.de\/en\/","name":"EMT","description":"EUMATEC","publisher":{"@id":"https:\/\/eumatec-germany.de\/en\/#organization"},"potentialAction":[{"@type":"SearchAction","target":{"@type":"EntryPoint","urlTemplate":"https:\/\/eumatec-germany.de\/en\/?s={search_term_string}"},"query-input":{"@type":"PropertyValueSpecification","valueRequired":true,"valueName":"search_term_string"}}],"inLanguage":"en-US"},{"@type":"Organization","@id":"https:\/\/eumatec-germany.de\/en\/#organization","name":"EMT","url":"https:\/\/eumatec-germany.de\/en\/","logo":{"@type":"ImageObject","inLanguage":"en-US","@id":"https:\/\/eumatec-germany.de\/en\/#\/schema\/logo\/image\/","url":"https:\/\/eumatec-germany.de\/wp-content\/uploads\/2019\/02\/logo_white_268.png","contentUrl":"https:\/\/eumatec-germany.de\/wp-content\/uploads\/2019\/02\/logo_white_268.png","width":268,"height":67,"caption":"EMT"},"image":{"@id":"https:\/\/eumatec-germany.de\/en\/#\/schema\/logo\/image\/"}}]}},"_links":{"self":[{"href":"https:\/\/eumatec-germany.de\/en\/wp-json\/wp\/v2\/pages\/8427","targetHints":{"allow":["GET"]}}],"collection":[{"href":"https:\/\/eumatec-germany.de\/en\/wp-json\/wp\/v2\/pages"}],"about":[{"href":"https:\/\/eumatec-germany.de\/en\/wp-json\/wp\/v2\/types\/page"}],"author":[{"embeddable":true,"href":"https:\/\/eumatec-germany.de\/en\/wp-json\/wp\/v2\/users\/1"}],"replies":[{"embeddable":true,"href":"https:\/\/eumatec-germany.de\/en\/wp-json\/wp\/v2\/comments?post=8427"}],"version-history":[{"count":13,"href":"https:\/\/eumatec-germany.de\/en\/wp-json\/wp\/v2\/pages\/8427\/revisions"}],"predecessor-version":[{"id":9074,"href":"https:\/\/eumatec-germany.de\/en\/wp-json\/wp\/v2\/pages\/8427\/revisions\/9074"}],"wp:attachment":[{"href":"https:\/\/eumatec-germany.de\/en\/wp-json\/wp\/v2\/media?parent=8427"}],"curies":[{"name":"wp","href":"https:\/\/api.w.org\/{rel}","templated":true}]}}